{"id":408,"date":"2022-10-05T22:54:06","date_gmt":"2022-10-05T22:54:06","guid":{"rendered":"https:\/\/comidadedomingo.online\/?page_id=408"},"modified":"2022-10-05T22:54:06","modified_gmt":"2022-10-05T22:54:06","slug":"sobre-nos","status":"publish","type":"page","link":"https:\/\/comidadedomingo.online\/?page_id=408","title":{"rendered":"Sobre n\u00f3s"},"content":{"rendered":"\n<p>Seja bem vindo ao nosso site. Aqui voc\u00ea encontrar\u00e1 diversas receitas e tipos de sobremesas com diversos tipos de preparos, dos mais dif\u00edceis aos mais f\u00e1ceis, que te deixar\u00e1 com \u00e1gua na boca.<\/p>\n\n\n\n<p>Navegue a vontade em nosso site!<\/p>\n\n\n\n<p>Para mais informa\u00e7\u00f5es entre em contato com a gente no E-mail<\/p>\n","protected":false},"excerpt":{"rendered":"<p>Seja bem vindo ao nosso site. Aqui voc\u00ea encontrar\u00e1 diversas receitas e tipos de sobremesas com diversos tipos de preparos,<\/p>\n","protected":false},"author":1,"featured_media":0,"parent":0,"menu_order":0,"comment_status":"closed","ping_status":"closed","template":"","meta":{"colormag_page_container_layout":"default_layout","colormag_page_sidebar_layout":"default_layout","footnotes":""},"class_list":["post-408","page","type-page","status-publish","hentry"],"aioseo_notices":[],"_links":{"self":[{"href":"https:\/\/comidadedomingo.online\/index.php?rest_route=\/wp\/v2\/pages\/408","targetHints":{"allow":["GET"]}}],"collection":[{"href":"https:\/\/comidadedomingo.online\/index.php?rest_route=\/wp\/v2\/pages"}],"about":[{"href":"https:\/\/comidadedomingo.online\/index.php?rest_route=\/wp\/v2\/types\/page"}],"author":[{"embeddable":true,"href":"https:\/\/comidadedomingo.online\/index.php?rest_route=\/wp\/v2\/users\/1"}],"replies":[{"embeddable":true,"href":"https:\/\/comidadedomingo.online\/index.php?rest_route=%2Fwp%2Fv2%2Fcomments&post=408"}],"version-history":[{"count":0,"href":"https:\/\/comidadedomingo.online\/index.php?rest_route=\/wp\/v2\/pages\/408\/revisions"}],"wp:attachment":[{"href":"https:\/\/comidadedomingo.online\/index.php?rest_route=%2Fwp%2Fv2%2Fmedia&parent=408"}],"curies":[{"name":"wp","href":"https:\/\/api.w.org\/{rel}","templated":true}]}}